{"id":3098,"date":"2023-10-14T12:34:01","date_gmt":"2023-10-14T12:34:01","guid":{"rendered":"https:\/\/www.omasplastik.com\/urun\/magical-hanger\/"},"modified":"2023-11-12T19:39:08","modified_gmt":"2023-11-12T19:39:08","slug":"magical-hanger","status":"publish","type":"product","link":"https:\/\/www.omasplastik.com\/en\/urun\/magical-hanger\/","title":{"rendered":"Magical Hanger"},"content":{"rendered":"<table width=\"432\">\n<tbody>\n<tr>\n<td width=\"305\">Kod \/ Code<\/td>\n<td width=\"127\">OM-1630<\/td>\n<\/tr>\n<tr>\n<td>\u00dcr\u00fcn \u00d6l\u00e7\u00fcs\u00fc \/ Product Dimension (W\/H\/D)<\/td>\n<td>33&#215;17 cm<\/td>\n<\/tr>\n<tr>\n<td>Koli \u00d6l\u00e7\u00fcs\u00fc \/ Box Dimension (W\/H\/D)<\/td>\n<td>60x40x40 cm<\/td>\n<\/tr>\n<tr>\n<td>Koli \u0130\u00e7 Miktar\u0131 \/ Box Internal Quantity<\/td>\n<td>180<\/td>\n<\/tr>\n<tr>\n<td>Koli A\u011f\u0131rl\u0131\u011f\u0131 \/ Bow Weight<\/td>\n<td>12,700 gr<\/td>\n<\/tr>\n<tr>\n<td>Koli m3 \/ Box m3<\/td>\n<td>0,96 m3<\/td>\n<\/tr>\n<tr>\n<td>Barkod \/ Barcode<\/td>\n<td>8551629621630<\/td>\n<\/tr>\n<\/tbody>\n<\/table>\n","protected":false},"excerpt":{"rendered":"<p>The Magical Hanger, produced in a thick and highly durable design, simplifies closet organization with its card slot for easy fixation, hook for effortless suspension, and multi-functional 9-hole foldable design.<\/p>\n<p>Made from recyclable and eco-friendly PP+TPE material, the Magical Hanger is designed to make your life easier in closet organization.<\/p>\n","protected":false},"featured_media":2961,"template":"","meta":{"content-type":""},"product_cat":[110],"product_tag":[129,127,145,130,151,124,132,146],"class_list":["post-3098","product","type-product","status-publish","has-post-thumbnail","hentry","product_cat-other-products","product_tag-compatible","product_tag-hanger","product_tag-magic","product_tag-natural","product_tag-omas-en","product_tag-pptpe-en","product_tag-recycle","product_tag-strong"],"_links":{"self":[{"href":"https:\/\/www.omasplastik.com\/en\/wp-json\/wp\/v2\/product\/3098","targetHints":{"allow":["GET"]}}],"collection":[{"href":"https:\/\/www.omasplastik.com\/en\/wp-json\/wp\/v2\/product"}],"about":[{"href":"https:\/\/www.omasplastik.com\/en\/wp-json\/wp\/v2\/types\/product"}],"wp:featuredmedia":[{"embeddable":true,"href":"https:\/\/www.omasplastik.com\/en\/wp-json\/wp\/v2\/media\/2961"}],"wp:attachment":[{"href":"https:\/\/www.omasplastik.com\/en\/wp-json\/wp\/v2\/media?parent=3098"}],"wp:term":[{"taxonomy":"product_cat","embeddable":true,"href":"https:\/\/www.omasplastik.com\/en\/wp-json\/wp\/v2\/product_cat?post=3098"},{"taxonomy":"product_tag","embeddable":true,"href":"https:\/\/www.omasplastik.com\/en\/wp-json\/wp\/v2\/product_tag?post=3098"}],"curies":[{"name":"wp","href":"https:\/\/api.w.org\/{rel}","templated":true}]}}