{"id":3096,"date":"2023-10-14T12:28:18","date_gmt":"2023-10-14T12:28:18","guid":{"rendered":"https:\/\/www.omasplastik.com\/urun\/clothes-slim-hanger-10s\/"},"modified":"2023-10-14T12:28:18","modified_gmt":"2023-10-14T12:28:18","slug":"clothes-slim-hanger-10s","status":"publish","type":"product","link":"https:\/\/www.omasplastik.com\/en\/urun\/clothes-slim-hanger-10s\/","title":{"rendered":"Clothes Slim Hanger 10&#8217;s"},"content":{"rendered":"<table width=\"432\">\n<tbody>\n<tr>\n<td width=\"305\">Kod \/ Code<\/td>\n<td width=\"127\">OM-0192<\/td>\n<\/tr>\n<tr>\n<td>\u00dcr\u00fcn \u00d6l\u00e7\u00fcs\u00fc \/ Product Dimension (W\/H\/D)<\/td>\n<td>39&#215;17 cm<\/td>\n<\/tr>\n<tr>\n<td>Koli \u00d6l\u00e7\u00fcs\u00fc \/ Box Dimension (W\/H\/D)<\/td>\n<td>53&#215;23,8&#215;39 cm<\/td>\n<\/tr>\n<tr>\n<td>Koli \u0130\u00e7 Miktar\u0131 \/ Box Internal Quantity<\/td>\n<td>24 Paket<\/td>\n<\/tr>\n<tr>\n<td>Koli A\u011f\u0131rl\u0131\u011f\u0131 \/ Bow Weight<\/td>\n<td>9,600 gr<\/td>\n<\/tr>\n<tr>\n<td>Koli m3 \/ Box m3<\/td>\n<td>0,049 m3<\/td>\n<\/tr>\n<tr>\n<td>Barkod \/ Barcode<\/td>\n<td>8682013110192<\/td>\n<\/tr>\n<\/tbody>\n<\/table>\n","protected":false},"excerpt":{"rendered":"<p>The Slim Hanger 10-Piece Sets, designed with both elegance and durability for closet organization, are available for purchase.<\/p>\n<p>These hangers are made from recyclable and eco-friendly PS material.<\/p>\n","protected":false},"featured_media":2956,"template":"","meta":{"content-type":""},"product_cat":[110],"product_tag":[129,127,130,151,125,132,142],"class_list":["post-3096","product","type-product","status-publish","has-post-thumbnail","hentry","product_cat-other-products","product_tag-compatible","product_tag-hanger","product_tag-natural","product_tag-omas-en","product_tag-ps-material","product_tag-recycle","product_tag-slim-en"],"_links":{"self":[{"href":"https:\/\/www.omasplastik.com\/en\/wp-json\/wp\/v2\/product\/3096","targetHints":{"allow":["GET"]}}],"collection":[{"href":"https:\/\/www.omasplastik.com\/en\/wp-json\/wp\/v2\/product"}],"about":[{"href":"https:\/\/www.omasplastik.com\/en\/wp-json\/wp\/v2\/types\/product"}],"wp:featuredmedia":[{"embeddable":true,"href":"https:\/\/www.omasplastik.com\/en\/wp-json\/wp\/v2\/media\/2956"}],"wp:attachment":[{"href":"https:\/\/www.omasplastik.com\/en\/wp-json\/wp\/v2\/media?parent=3096"}],"wp:term":[{"taxonomy":"product_cat","embeddable":true,"href":"https:\/\/www.omasplastik.com\/en\/wp-json\/wp\/v2\/product_cat?post=3096"},{"taxonomy":"product_tag","embeddable":true,"href":"https:\/\/www.omasplastik.com\/en\/wp-json\/wp\/v2\/product_tag?post=3096"}],"curies":[{"name":"wp","href":"https:\/\/api.w.org\/{rel}","templated":true}]}}