{"id":3094,"date":"2023-10-14T12:23:19","date_gmt":"2023-10-14T12:23:19","guid":{"rendered":"https:\/\/www.omasplastik.com\/urun\/covered-bowl\/"},"modified":"2023-10-14T12:23:19","modified_gmt":"2023-10-14T12:23:19","slug":"covered-bowl","status":"publish","type":"product","link":"https:\/\/www.omasplastik.com\/en\/urun\/covered-bowl\/","title":{"rendered":"Covered Bowl"},"content":{"rendered":"<table width=\"432\">\n<tbody>\n<tr>\n<td width=\"305\">Kod \/ Code<\/td>\n<td width=\"127\">OM-5586<\/td>\n<\/tr>\n<tr>\n<td>\u00dcr\u00fcn \u00d6l\u00e7\u00fcs\u00fc \/ Product Dimension (W\/H\/D)<\/td>\n<td>12,5x9x4,5 cm<\/td>\n<\/tr>\n<tr>\n<td>Koli \u00d6l\u00e7\u00fcs\u00fc \/ Box Dimension (W\/H\/D)<\/td>\n<td>59,5&#215;33,5&#215;41,5 cm<\/td>\n<\/tr>\n<tr>\n<td>Koli \u0130\u00e7 Miktar\u0131 \/ Box Internal Quantity<\/td>\n<td>18<\/td>\n<\/tr>\n<tr>\n<td>Koli A\u011f\u0131rl\u0131\u011f\u0131 \/ Bow Weight<\/td>\n<td>8,000 gr<\/td>\n<\/tr>\n<tr>\n<td>Koli m3 \/ Box m3<\/td>\n<td>0,082 m3<\/td>\n<\/tr>\n<tr>\n<td>Barkod \/ Barcode<\/td>\n<td>8682013115586<\/td>\n<\/tr>\n<\/tbody>\n<\/table>\n","protected":false},"excerpt":{"rendered":"<p>The Covered Bowl, with its sturdy, stylish, and aesthetic design, is highly practical and suitable for food contact. It aids in storing and organizing food in the kitchen while taking up less space.<\/p>\n<p>Made from BPA-free and polypropylene, the Covered Bowl ensures a safe and convenient storage solution for your food items.<\/p>\n","protected":false},"featured_media":2955,"template":"","meta":{"content-type":""},"product_cat":[110],"product_tag":[136,135,151,148],"class_list":["post-3094","product","type-product","status-publish","has-post-thumbnail","hentry","product_cat-other-products","product_tag-bowl","product_tag-cover","product_tag-omas-en","product_tag-polypropylene"],"_links":{"self":[{"href":"https:\/\/www.omasplastik.com\/en\/wp-json\/wp\/v2\/product\/3094","targetHints":{"allow":["GET"]}}],"collection":[{"href":"https:\/\/www.omasplastik.com\/en\/wp-json\/wp\/v2\/product"}],"about":[{"href":"https:\/\/www.omasplastik.com\/en\/wp-json\/wp\/v2\/types\/product"}],"wp:featuredmedia":[{"embeddable":true,"href":"https:\/\/www.omasplastik.com\/en\/wp-json\/wp\/v2\/media\/2955"}],"wp:attachment":[{"href":"https:\/\/www.omasplastik.com\/en\/wp-json\/wp\/v2\/media?parent=3094"}],"wp:term":[{"taxonomy":"product_cat","embeddable":true,"href":"https:\/\/www.omasplastik.com\/en\/wp-json\/wp\/v2\/product_cat?post=3094"},{"taxonomy":"product_tag","embeddable":true,"href":"https:\/\/www.omasplastik.com\/en\/wp-json\/wp\/v2\/product_tag?post=3094"}],"curies":[{"name":"wp","href":"https:\/\/api.w.org\/{rel}","templated":true}]}}