{"id":3091,"date":"2023-10-14T12:18:46","date_gmt":"2023-10-14T12:18:46","guid":{"rendered":"https:\/\/www.omasplastik.com\/urun\/naya-basket\/"},"modified":"2023-10-14T12:18:46","modified_gmt":"2023-10-14T12:18:46","slug":"naya-basket","status":"publish","type":"product","link":"https:\/\/www.omasplastik.com\/en\/urun\/naya-basket\/","title":{"rendered":"Naya Basket"},"content":{"rendered":"<table width=\"432\">\n<tbody>\n<tr>\n<td width=\"305\">Kod \/ Code<\/td>\n<td width=\"127\">&#8211;<\/td>\n<\/tr>\n<tr>\n<td>\u00dcr\u00fcn \u00d6l\u00e7\u00fcs\u00fc \/ Product Dimension (W\/H\/D)<\/td>\n<td>&#8211;<\/td>\n<\/tr>\n<tr>\n<td>Koli \u00d6l\u00e7\u00fcs\u00fc \/ Box Dimension (W\/H\/D)<\/td>\n<td>&#8211;<\/td>\n<\/tr>\n<tr>\n<td>Koli \u0130\u00e7 Miktar\u0131 \/ Box Internal Quantity<\/td>\n<td>&#8211;<\/td>\n<\/tr>\n<tr>\n<td>Koli A\u011f\u0131rl\u0131\u011f\u0131 \/ Bow Weight<\/td>\n<td>&#8211;<\/td>\n<\/tr>\n<tr>\n<td>Koli m3 \/ Box m3<\/td>\n<td>&#8211;<\/td>\n<\/tr>\n<tr>\n<td>Barkod \/ Barcode<\/td>\n<td>&#8211;<\/td>\n<\/tr>\n<\/tbody>\n<\/table>\n","protected":false},"excerpt":{"rendered":"<p>The Naya Basket, with its aesthetic, stylish, and sturdy design, adds functionality and elegance to your spaces while helping organize your belongings.<\/p>\n<p>Made from BPA-free and polypropylene, the Naya Basket contributes to a neat and organized environment.<\/p>\n","protected":false},"featured_media":2951,"template":"","meta":{"content-type":""},"product_cat":[110],"product_tag":[144,151,148],"class_list":["post-3091","product","type-product","status-publish","has-post-thumbnail","hentry","product_cat-other-products","product_tag-basket","product_tag-omas-en","product_tag-polypropylene"],"_links":{"self":[{"href":"https:\/\/www.omasplastik.com\/en\/wp-json\/wp\/v2\/product\/3091","targetHints":{"allow":["GET"]}}],"collection":[{"href":"https:\/\/www.omasplastik.com\/en\/wp-json\/wp\/v2\/product"}],"about":[{"href":"https:\/\/www.omasplastik.com\/en\/wp-json\/wp\/v2\/types\/product"}],"wp:featuredmedia":[{"embeddable":true,"href":"https:\/\/www.omasplastik.com\/en\/wp-json\/wp\/v2\/media\/2951"}],"wp:attachment":[{"href":"https:\/\/www.omasplastik.com\/en\/wp-json\/wp\/v2\/media?parent=3091"}],"wp:term":[{"taxonomy":"product_cat","embeddable":true,"href":"https:\/\/www.omasplastik.com\/en\/wp-json\/wp\/v2\/product_cat?post=3091"},{"taxonomy":"product_tag","embeddable":true,"href":"https:\/\/www.omasplastik.com\/en\/wp-json\/wp\/v2\/product_tag?post=3091"}],"curies":[{"name":"wp","href":"https:\/\/api.w.org\/{rel}","templated":true}]}}