{"id":3088,"date":"2023-10-14T12:14:16","date_gmt":"2023-10-14T12:14:16","guid":{"rendered":"https:\/\/www.omasplastik.com\/urun\/organizer-2-tier\/"},"modified":"2023-10-14T12:14:16","modified_gmt":"2023-10-14T12:14:16","slug":"organizer-2-tier","status":"publish","type":"product","link":"https:\/\/www.omasplastik.com\/en\/urun\/organizer-2-tier\/","title":{"rendered":"Organizer 2-Tier"},"content":{"rendered":"<table width=\"432\">\n<tbody>\n<tr>\n<td width=\"305\">Kod \/ Code<\/td>\n<td width=\"127\">OM-0012<\/td>\n<\/tr>\n<tr>\n<td>\u00dcr\u00fcn \u00d6l\u00e7\u00fcs\u00fc \/ Product Dimension (W\/H\/D)<\/td>\n<td>33&#215;26,6&#215;22,5 cm<\/td>\n<\/tr>\n<tr>\n<td>Koli \u00d6l\u00e7\u00fcs\u00fc \/ Box Dimension (W\/H\/D)<\/td>\n<td>&#8211;<\/td>\n<\/tr>\n<tr>\n<td>Koli \u0130\u00e7 Miktar\u0131 \/ Box Internal Quantity<\/td>\n<td>12<\/td>\n<\/tr>\n<tr>\n<td>Koli A\u011f\u0131rl\u0131\u011f\u0131 \/ Bow Weight<\/td>\n<td>7,000 gr<\/td>\n<\/tr>\n<tr>\n<td>Koli m3 \/ Box m3<\/td>\n<td>&#8211;<\/td>\n<\/tr>\n<tr>\n<td>Barkod \/ Barcode<\/td>\n<td>8682013090012<\/td>\n<\/tr>\n<\/tbody>\n<\/table>\n","protected":false},"excerpt":{"rendered":"<p>The Organizer 2-Tier, with its modern and sturdy design, adds functionality and elegance to your spaces.<\/p>\n<p>It comes with gold and silver handle options.<\/p>\n<p>Made from BPA-free and polypropylene, the Organizer 2-Tier can be quickly and easily assembled without the need for tools.<\/p>\n","protected":false},"featured_media":2950,"template":"","meta":{"content-type":""},"product_cat":[110],"product_tag":[122,126,138,151,149,148,133,137],"class_list":["post-3088","product","type-product","status-publish","has-post-thumbnail","hentry","product_cat-other-products","product_tag-2-en","product_tag-gold","product_tag-handle","product_tag-omas-en","product_tag-organizer-en","product_tag-polypropylene","product_tag-silver","product_tag-storey"],"_links":{"self":[{"href":"https:\/\/www.omasplastik.com\/en\/wp-json\/wp\/v2\/product\/3088","targetHints":{"allow":["GET"]}}],"collection":[{"href":"https:\/\/www.omasplastik.com\/en\/wp-json\/wp\/v2\/product"}],"about":[{"href":"https:\/\/www.omasplastik.com\/en\/wp-json\/wp\/v2\/types\/product"}],"wp:featuredmedia":[{"embeddable":true,"href":"https:\/\/www.omasplastik.com\/en\/wp-json\/wp\/v2\/media\/2950"}],"wp:attachment":[{"href":"https:\/\/www.omasplastik.com\/en\/wp-json\/wp\/v2\/media?parent=3088"}],"wp:term":[{"taxonomy":"product_cat","embeddable":true,"href":"https:\/\/www.omasplastik.com\/en\/wp-json\/wp\/v2\/product_cat?post=3088"},{"taxonomy":"product_tag","embeddable":true,"href":"https:\/\/www.omasplastik.com\/en\/wp-json\/wp\/v2\/product_tag?post=3088"}],"curies":[{"name":"wp","href":"https:\/\/api.w.org\/{rel}","templated":true}]}}