{"id":3085,"date":"2023-10-14T12:07:22","date_gmt":"2023-10-14T12:07:22","guid":{"rendered":"https:\/\/www.omasplastik.com\/urun\/luxury-shoe-cabinet\/"},"modified":"2023-10-14T12:07:22","modified_gmt":"2023-10-14T12:07:22","slug":"luxury-shoe-cabinet","status":"publish","type":"product","link":"https:\/\/www.omasplastik.com\/en\/urun\/luxury-shoe-cabinet\/","title":{"rendered":"Luxury Shoe Cabinet"},"content":{"rendered":"<table width=\"432\">\n<tbody>\n<tr>\n<td width=\"305\">Kod \/ Code<\/td>\n<td width=\"127\">OM-1023<\/td>\n<\/tr>\n<tr>\n<td>\u00dcr\u00fcn \u00d6l\u00e7\u00fcs\u00fc \/ Product Dimension (W\/H\/D)<\/td>\n<td>25x28x80 cm<\/td>\n<\/tr>\n<tr>\n<td>Koli \u00d6l\u00e7\u00fcs\u00fc \/ Box Dimension (W\/H\/D)<\/td>\n<td>58&#215;51,5&#215;29 cm<\/td>\n<\/tr>\n<tr>\n<td>Koli \u0130\u00e7 Miktar\u0131 \/ Box Internal Quantity<\/td>\n<td>8<\/td>\n<\/tr>\n<tr>\n<td>Koli A\u011f\u0131rl\u0131\u011f\u0131 \/ Bow Weight<\/td>\n<td>12,780 gr<\/td>\n<\/tr>\n<tr>\n<td>Koli m3 \/ Box m3<\/td>\n<td>0,08587 m3<\/td>\n<\/tr>\n<tr>\n<td>Barkod \/ Barcode<\/td>\n<td>8681223001023<\/td>\n<\/tr>\n<\/tbody>\n<\/table>\n","protected":false},"excerpt":{"rendered":"<p>With its modular design that can be expanded vertically and horizontally, allowing for multiple assembly combinations, the Luxury Shoe Rack features an elegant, sturdy, and practical design.<\/p>\n<p>The modular design of the Luxury Shoe Rack can be customized according to the usage style of the space to be set up.<\/p>\n<p>Made from BPA-free and polypropylene, the Luxury Shoe Rack can be quickly and easily assembled without the need for tools.<\/p>\n","protected":false},"featured_media":2943,"template":"","meta":{"content-type":""},"product_cat":[113],"product_tag":[140,151,148,147,128],"class_list":["post-3085","product","type-product","status-publish","has-post-thumbnail","hentry","product_cat-shelf-units","product_tag-lux","product_tag-omas-en","product_tag-polypropylene","product_tag-shelf","product_tag-shoe-cabinet"],"_links":{"self":[{"href":"https:\/\/www.omasplastik.com\/en\/wp-json\/wp\/v2\/product\/3085","targetHints":{"allow":["GET"]}}],"collection":[{"href":"https:\/\/www.omasplastik.com\/en\/wp-json\/wp\/v2\/product"}],"about":[{"href":"https:\/\/www.omasplastik.com\/en\/wp-json\/wp\/v2\/types\/product"}],"wp:featuredmedia":[{"embeddable":true,"href":"https:\/\/www.omasplastik.com\/en\/wp-json\/wp\/v2\/media\/2943"}],"wp:attachment":[{"href":"https:\/\/www.omasplastik.com\/en\/wp-json\/wp\/v2\/media?parent=3085"}],"wp:term":[{"taxonomy":"product_cat","embeddable":true,"href":"https:\/\/www.omasplastik.com\/en\/wp-json\/wp\/v2\/product_cat?post=3085"},{"taxonomy":"product_tag","embeddable":true,"href":"https:\/\/www.omasplastik.com\/en\/wp-json\/wp\/v2\/product_tag?post=3085"}],"curies":[{"name":"wp","href":"https:\/\/api.w.org\/{rel}","templated":true}]}}