{"id":3081,"date":"2023-10-14T11:59:52","date_gmt":"2023-10-14T11:59:52","guid":{"rendered":"https:\/\/www.omasplastik.com\/urun\/triangle-shelf-unit\/"},"modified":"2023-10-14T11:59:52","modified_gmt":"2023-10-14T11:59:52","slug":"triangle-shelf-unit","status":"publish","type":"product","link":"https:\/\/www.omasplastik.com\/en\/urun\/triangle-shelf-unit\/","title":{"rendered":"Triangle Shelf Unit"},"content":{"rendered":"<table width=\"432\">\n<tbody>\n<tr>\n<td width=\"305\">Kod \/ Code<\/td>\n<td width=\"127\">OM-2013<\/td>\n<\/tr>\n<tr>\n<td>\u00dcr\u00fcn \u00d6l\u00e7\u00fcs\u00fc \/ Product Dimension (W\/H\/D)<\/td>\n<td>33x71x33 cm<\/td>\n<\/tr>\n<tr>\n<td>Koli \u00d6l\u00e7\u00fcs\u00fc \/ Box Dimension (W\/H\/D)<\/td>\n<td>41,5x51x34,5 cm<\/td>\n<\/tr>\n<tr>\n<td>Koli \u0130\u00e7 Miktar\u0131 \/ Box Internal Quantity<\/td>\n<td>8<\/td>\n<\/tr>\n<tr>\n<td>Koli A\u011f\u0131rl\u0131\u011f\u0131 \/ Bow Weight<\/td>\n<td>13,800 gr<\/td>\n<\/tr>\n<tr>\n<td>Koli m3 \/ Box m3<\/td>\n<td>0,073 m3<\/td>\n<\/tr>\n<tr>\n<td>Barkod \/ Barcode<\/td>\n<td>8681223002013<\/td>\n<\/tr>\n<\/tbody>\n<\/table>\n","protected":false},"excerpt":{"rendered":"<p>The Triangle Shelf Unit, highly practical in corner spaces, consists of 3 shelves with a design featuring wide shelf spacing.<\/p>\n<p>Especially convenient for small bathrooms and kitchens, the Triangle Shelf Unit, with its variety of colors, enhances the functionality of spaces where it is installed.<\/p>\n<p>Made from BPA-free and polypropylene, the Triangle Shelf Unit can be quickly and easily assembled without the need for tools.<\/p>\n","protected":false},"featured_media":2940,"template":"","meta":{"content-type":""},"product_cat":[113],"product_tag":[151,148,147,157,156],"class_list":["post-3081","product","type-product","status-publish","has-post-thumbnail","hentry","product_cat-shelf-units","product_tag-omas-en","product_tag-polypropylene","product_tag-shelf","product_tag-triangle","product_tag-unit"],"_links":{"self":[{"href":"https:\/\/www.omasplastik.com\/en\/wp-json\/wp\/v2\/product\/3081","targetHints":{"allow":["GET"]}}],"collection":[{"href":"https:\/\/www.omasplastik.com\/en\/wp-json\/wp\/v2\/product"}],"about":[{"href":"https:\/\/www.omasplastik.com\/en\/wp-json\/wp\/v2\/types\/product"}],"wp:featuredmedia":[{"embeddable":true,"href":"https:\/\/www.omasplastik.com\/en\/wp-json\/wp\/v2\/media\/2940"}],"wp:attachment":[{"href":"https:\/\/www.omasplastik.com\/en\/wp-json\/wp\/v2\/media?parent=3081"}],"wp:term":[{"taxonomy":"product_cat","embeddable":true,"href":"https:\/\/www.omasplastik.com\/en\/wp-json\/wp\/v2\/product_cat?post=3081"},{"taxonomy":"product_tag","embeddable":true,"href":"https:\/\/www.omasplastik.com\/en\/wp-json\/wp\/v2\/product_tag?post=3081"}],"curies":[{"name":"wp","href":"https:\/\/api.w.org\/{rel}","templated":true}]}}