{"id":3077,"date":"2023-10-14T11:51:49","date_gmt":"2023-10-14T11:51:49","guid":{"rendered":"https:\/\/www.omasplastik.com\/urun\/shelf-unit\/"},"modified":"2023-10-14T11:51:49","modified_gmt":"2023-10-14T11:51:49","slug":"shelf-unit","status":"publish","type":"product","link":"https:\/\/www.omasplastik.com\/en\/urun\/shelf-unit\/","title":{"rendered":"Shelf Unit"},"content":{"rendered":"<table width=\"432\">\n<tbody>\n<tr>\n<td width=\"305\">Kod \/ Code<\/td>\n<td width=\"127\">OM-1016<\/td>\n<\/tr>\n<tr>\n<td>\u00dcr\u00fcn \u00d6l\u00e7\u00fcs\u00fc \/ Product Dimension (W\/H\/D)<\/td>\n<td>36x100x23 cm<\/td>\n<\/tr>\n<tr>\n<td>Koli \u00d6l\u00e7\u00fcs\u00fc \/ Box Dimension (W\/H\/D)<\/td>\n<td>38x49x58 cm<\/td>\n<\/tr>\n<tr>\n<td>Koli \u0130\u00e7 Miktar\u0131 \/ Box Internal Quantity<\/td>\n<td>6<\/td>\n<\/tr>\n<tr>\n<td>Koli A\u011f\u0131rl\u0131\u011f\u0131 \/ Bow Weight<\/td>\n<td>12,650 gr<\/td>\n<\/tr>\n<tr>\n<td>Koli m3 \/ Box m3<\/td>\n<td>0,108 m3<\/td>\n<\/tr>\n<tr>\n<td>Barkod \/ Barcode<\/td>\n<td>8681223001016<\/td>\n<\/tr>\n<\/tbody>\n<\/table>\n","protected":false},"excerpt":{"rendered":"<p>The Shelf Unit consists of 4 shelves with a modern, stylish, and durable design.<\/p>\n<p>Designed for ease of use and available in various colors, this Shelf Unit facilitates your life in spaces where it is installed.<\/p>\n<p>Made from BPA-free and polypropylene, the Shelf Unit can be quickly and easily assembled without the need for tools.<\/p>\n","protected":false},"featured_media":2936,"template":"","meta":{"content-type":""},"product_cat":[113],"product_tag":[151,148,147,156],"class_list":["post-3077","product","type-product","status-publish","has-post-thumbnail","hentry","product_cat-shelf-units","product_tag-omas-en","product_tag-polypropylene","product_tag-shelf","product_tag-unit"],"_links":{"self":[{"href":"https:\/\/www.omasplastik.com\/en\/wp-json\/wp\/v2\/product\/3077","targetHints":{"allow":["GET"]}}],"collection":[{"href":"https:\/\/www.omasplastik.com\/en\/wp-json\/wp\/v2\/product"}],"about":[{"href":"https:\/\/www.omasplastik.com\/en\/wp-json\/wp\/v2\/types\/product"}],"wp:featuredmedia":[{"embeddable":true,"href":"https:\/\/www.omasplastik.com\/en\/wp-json\/wp\/v2\/media\/2936"}],"wp:attachment":[{"href":"https:\/\/www.omasplastik.com\/en\/wp-json\/wp\/v2\/media?parent=3077"}],"wp:term":[{"taxonomy":"product_cat","embeddable":true,"href":"https:\/\/www.omasplastik.com\/en\/wp-json\/wp\/v2\/product_cat?post=3077"},{"taxonomy":"product_tag","embeddable":true,"href":"https:\/\/www.omasplastik.com\/en\/wp-json\/wp\/v2\/product_tag?post=3077"}],"curies":[{"name":"wp","href":"https:\/\/api.w.org\/{rel}","templated":true}]}}