{"id":3071,"date":"2023-10-13T15:37:26","date_gmt":"2023-10-13T15:37:26","guid":{"rendered":"https:\/\/www.omasplastik.com\/urun\/ombeg-modular-2s-shelf\/"},"modified":"2023-10-13T15:37:26","modified_gmt":"2023-10-13T15:37:26","slug":"ombeg-modular-2s-shelf","status":"publish","type":"product","link":"https:\/\/www.omasplastik.com\/en\/urun\/ombeg-modular-2s-shelf\/","title":{"rendered":"Ombeg Modular 2s Shelf"},"content":{"rendered":"<table width=\"432\">\n<tbody>\n<tr>\n<td width=\"305\">Kod \/ Code<\/td>\n<td width=\"127\">OM-7507<\/td>\n<\/tr>\n<tr>\n<td>\u00dcr\u00fcn \u00d6l\u00e7\u00fcs\u00fc \/ Product Dimension (W\/H\/D)<\/td>\n<td>38x50x29 cm<\/td>\n<\/tr>\n<tr>\n<td>Koli \u00d6l\u00e7\u00fcs\u00fc \/ Box Dimension (W\/H\/D)<\/td>\n<td>59&#215;39,3&#215;37 cm<\/td>\n<\/tr>\n<tr>\n<td>Koli \u0130\u00e7 Miktar\u0131 \/ Box Internal Quantity<\/td>\n<td>9<\/td>\n<\/tr>\n<tr>\n<td>Koli A\u011f\u0131rl\u0131\u011f\u0131 \/ Bow Weight<\/td>\n<td>11,300 gr<\/td>\n<\/tr>\n<tr>\n<td>Koli m3 \/ Box m3<\/td>\n<td>0,86 m3<\/td>\n<\/tr>\n<tr>\n<td>Barkod \/ Barcode<\/td>\n<td>8683672057507<\/td>\n<\/tr>\n<\/tbody>\n<\/table>\n","protected":false},"excerpt":{"rendered":"<p>The OMBEG Modular Shelf consists of 2 shelves with a modern, stylish, and durable design.<\/p>\n<p>The modular design of the OMBEG series can be customized according to the usage style of the space to be set up.<\/p>\n<p>Made from BPA-free and polypropylene, the OMBEG 2-Shelf can be quickly and easily assembled without the need for tools.<\/p>\n","protected":false},"featured_media":2926,"template":"","meta":{"content-type":""},"product_cat":[112],"product_tag":[122,134,150,148,147],"class_list":["post-3071","product","type-product","status-publish","has-post-thumbnail","hentry","product_cat-ombeg-en","product_tag-2-en","product_tag-double","product_tag-ombeg-en","product_tag-polypropylene","product_tag-shelf"],"_links":{"self":[{"href":"https:\/\/www.omasplastik.com\/en\/wp-json\/wp\/v2\/product\/3071","targetHints":{"allow":["GET"]}}],"collection":[{"href":"https:\/\/www.omasplastik.com\/en\/wp-json\/wp\/v2\/product"}],"about":[{"href":"https:\/\/www.omasplastik.com\/en\/wp-json\/wp\/v2\/types\/product"}],"wp:featuredmedia":[{"embeddable":true,"href":"https:\/\/www.omasplastik.com\/en\/wp-json\/wp\/v2\/media\/2926"}],"wp:attachment":[{"href":"https:\/\/www.omasplastik.com\/en\/wp-json\/wp\/v2\/media?parent=3071"}],"wp:term":[{"taxonomy":"product_cat","embeddable":true,"href":"https:\/\/www.omasplastik.com\/en\/wp-json\/wp\/v2\/product_cat?post=3071"},{"taxonomy":"product_tag","embeddable":true,"href":"https:\/\/www.omasplastik.com\/en\/wp-json\/wp\/v2\/product_tag?post=3071"}],"curies":[{"name":"wp","href":"https:\/\/api.w.org\/{rel}","templated":true}]}}