{"id":3051,"date":"2023-10-13T12:40:02","date_gmt":"2023-10-13T12:40:02","guid":{"rendered":"https:\/\/www.omasplastik.com\/urun\/slim-shelf-unit\/"},"modified":"2023-10-13T12:40:02","modified_gmt":"2023-10-13T12:40:02","slug":"slim-shelf-unit","status":"publish","type":"product","link":"https:\/\/www.omasplastik.com\/en\/urun\/slim-shelf-unit\/","title":{"rendered":"Slim Shelf Unit"},"content":{"rendered":"<table width=\"432\">\n<tbody>\n<tr>\n<td width=\"305\">Kod \/ Code<\/td>\n<td width=\"127\">OM-3010<\/td>\n<\/tr>\n<tr>\n<td>\u00dcr\u00fcn \u00d6l\u00e7\u00fcs\u00fc \/ Product Dimension (W\/H\/D)<\/td>\n<td>54x71x18 cm<\/td>\n<\/tr>\n<tr>\n<td>Koli \u00d6l\u00e7\u00fcs\u00fc \/ Box Dimension (W\/H\/D)<\/td>\n<td>55&#215;44,5&#215;37 cm<\/td>\n<\/tr>\n<tr>\n<td>Koli \u0130\u00e7 Miktar\u0131 \/ Box Internal Quantity<\/td>\n<td>6<\/td>\n<\/tr>\n<tr>\n<td>Koli A\u011f\u0131rl\u0131\u011f\u0131 \/ Bow Weight<\/td>\n<td>10,600 gr<\/td>\n<\/tr>\n<tr>\n<td>Koli m3 \/ Box m3<\/td>\n<td>0,0906 m3<\/td>\n<\/tr>\n<tr>\n<td>Barkod \/ Barcode<\/td>\n<td>8681223003010<\/td>\n<\/tr>\n<\/tbody>\n<\/table>\n","protected":false},"excerpt":{"rendered":"<p>The Slim Shelf Unit, particularly useful in narrow spaces, consists of 3 shelves with a design featuring wide shelf spacing.<\/p>\n<p>Ideal for small bathrooms and kitchens, this unit facilitates the utilization of tight spaces and enhances your living spaces with various color options.<\/p>\n<p>Made from BPA-free and polypropylene, the Shelf Unit can be quickly and easily assembled without the need for tools.<\/p>\n","protected":false},"featured_media":2885,"template":"","meta":{"content-type":""},"product_cat":[113],"product_tag":[148,142],"class_list":["post-3051","product","type-product","status-publish","has-post-thumbnail","hentry","product_cat-shelf-units","product_tag-polypropylene","product_tag-slim-en"],"_links":{"self":[{"href":"https:\/\/www.omasplastik.com\/en\/wp-json\/wp\/v2\/product\/3051","targetHints":{"allow":["GET"]}}],"collection":[{"href":"https:\/\/www.omasplastik.com\/en\/wp-json\/wp\/v2\/product"}],"about":[{"href":"https:\/\/www.omasplastik.com\/en\/wp-json\/wp\/v2\/types\/product"}],"wp:featuredmedia":[{"embeddable":true,"href":"https:\/\/www.omasplastik.com\/en\/wp-json\/wp\/v2\/media\/2885"}],"wp:attachment":[{"href":"https:\/\/www.omasplastik.com\/en\/wp-json\/wp\/v2\/media?parent=3051"}],"wp:term":[{"taxonomy":"product_cat","embeddable":true,"href":"https:\/\/www.omasplastik.com\/en\/wp-json\/wp\/v2\/product_cat?post=3051"},{"taxonomy":"product_tag","embeddable":true,"href":"https:\/\/www.omasplastik.com\/en\/wp-json\/wp\/v2\/product_tag?post=3051"}],"curies":[{"name":"wp","href":"https:\/\/api.w.org\/{rel}","templated":true}]}}